{"id":3691,"date":"2019-10-16T05:44:12","date_gmt":"2019-10-16T05:44:12","guid":{"rendered":"https:\/\/hgl.plixim.is\/?page_id=3691"},"modified":"2022-06-26T16:14:58","modified_gmt":"2022-06-26T16:14:58","slug":"cookies-policy","status":"publish","type":"page","link":"https:\/\/hgkirkjusandi.is\/en\/cookies-policy\/","title":{"rendered":"Cookies Policy"},"content":{"rendered":"<p>Heimilisl\u00e6knast\u00f6\u00f0in ehf., (&#8220;Kirkjusandur Health Care Center&#8221;, &#8220;us&#8221;, &#8220;we&#8221;, or &#8220;our&#8221;) uses cookies on the https:\/\/hgkirkjusandi.is website (the &#8220;Service&#8221;).\u00a0\u00a0By using the Service, you consent to the use of cookies.<\/p>\n<p>Our Cookies Policy explains what cookies are, how we use cookies, how third-parties we may partner with may use cookies on the Service, your choices regarding cookies and further information about cookies.<\/p>\n<h2>What are cookies?<\/h2>\n<p>Cookies are small pieces of text sent to your web browser by a website you visit. A cookie file is stored in your web browser and allows the Service or a third-party to recognize you and make your next visit easier and the Service more useful to you.<\/p>\n<p>Cookies can be &#8220;persistent&#8221; or &#8220;session&#8221; cookies. Persistent cookies remain on your personal computer or mobile device when you go offline, while session cookies are deleted as soon as you close your web browser.<\/p>\n<h2>How we use cookies<\/h2>\n<p>When you use and access the Service, we may place a number of cookies files in your web browser.<\/p>\n<p>We use cookies for the following purposes:<\/p>\n<ul>\n<li>To enable certain functions of the Service<\/li>\n<li>To provide analytics<\/li>\n<li>To store your preferences<\/li>\n<\/ul>\n<h2>What cookies are used on this website?<\/h2>\n<h3>Necessary Cookies<\/h3>\n<p>These cookies are necessary for the website to function and cannot be switched off in our systems.<\/p>\n<table style=\"border-collapse: collapse; width: 100%;\" border=\"1\">\n<tbody>\n<tr>\n<td style=\"width: 33.3333%;\"><strong>Cookies<\/strong><\/td>\n<td style=\"width: 33.3333%;\"><strong>Provider<\/strong><\/td>\n<td style=\"width: 33.3333%;\"><strong>Purpose<\/strong><\/td>\n<\/tr>\n<tr>\n<td style=\"width: 33.3333%;\">CookieConsent<\/td>\n<td style=\"width: 33.3333%;\">\u00a0hgkirkjusandi.is<\/td>\n<td style=\"width: 33.3333%;\">Stores the user&#8217;s cookie consent state for the current domain.<\/td>\n<\/tr>\n<\/tbody>\n<\/table>\n<p>&nbsp;<\/p>\n<h3>Functional Cookies<\/h3>\n<p>These cookies are used to remember your preferences.<\/p>\n<table style=\"border-collapse: collapse; width: 100%;\" border=\"1\">\n<tbody>\n<tr>\n<td style=\"width: 33.3333%;\"><strong>Cookies<\/strong><\/td>\n<td style=\"width: 33.3333%;\"><strong>Provider<\/strong><\/td>\n<td style=\"width: 33.3333%;\"><strong>Purpose<\/strong><\/td>\n<\/tr>\n<tr>\n<td style=\"width: 33.3333%;\">pll_language<\/td>\n<td style=\"width: 33.3333%;\">\u00a0hgkirkjusandi.is<\/td>\n<td style=\"width: 33.3333%;\">This cookie is used to determine the preferred language of the visitor and sets the language accordingly on the website, if possible.<\/td>\n<\/tr>\n<\/tbody>\n<\/table>\n<p>&nbsp;<\/p>\n<h3><strong>Technical Cookies<\/strong><\/h3>\n<table style=\"border-collapse: collapse; width: 100%;\" border=\"1\">\n<tbody>\n<tr>\n<td style=\"width: 33.3333%;\"><strong>Cookies<\/strong><\/td>\n<td style=\"width: 33.3333%;\"><strong>Provider<\/strong><\/td>\n<td style=\"width: 33.3333%;\"><strong>Purpose<\/strong><\/td>\n<\/tr>\n<tr>\n<td style=\"width: 33.3333%;\">wordpress_test_cookie<br \/>\nwordpress_logged_in_<br \/>\nwordpress_sec<\/td>\n<td style=\"width: 33.3333%;\">\u00a0hgkirkjusandi.is<\/td>\n<td style=\"width: 33.3333%;\">These cookies are used by WordPress, our content management system (CMS).<\/td>\n<\/tr>\n<\/tbody>\n<\/table>\n<p>&nbsp;<\/p>\n<h3><strong>Analytics<\/strong><\/h3>\n<p>These cookies allow us to count visits and traffic sources, so we can measure and improve the performance of our site.<\/p>\n<table style=\"border-collapse: collapse; width: 100%;\" border=\"1\">\n<tbody>\n<tr>\n<td style=\"width: 33.3333%;\"><strong>Cookies<\/strong><\/td>\n<td style=\"width: 33.3333%;\"><strong>Provider<\/strong><\/td>\n<td style=\"width: 33.3333%;\"><strong>Purpose<\/strong><\/td>\n<\/tr>\n<tr>\n<td style=\"width: 33.3333%;\">_ga, _gat, _gid<\/td>\n<td style=\"width: 33.3333%;\">\u00a0hgkirkjusandi.is<\/td>\n<td style=\"width: 33.3333%;\">We track anonymized user information to improve our website.<\/td>\n<\/tr>\n<\/tbody>\n<\/table>\n<p><strong>\u00a0<\/strong><\/p>\n","protected":false},"excerpt":{"rendered":"<p>Heimilisl\u00e6knast\u00f6\u00f0in ehf., (&#8220;Kirkjusandur Health Care Center&#8221;, &#8220;us&#8221;, &#8220;we&#8221;, or &#8220;our&#8221;) uses cookies on the https:\/\/hgkirkjusandi.is website (the &#8220;Service&#8221;).\u00a0\u00a0By using the Service, you consent to the use of cookies. Our Cookies Policy explains what cookies are, how we use cookies, how third-parties we may partner with may use cookies on the Service, your choices regarding cookies&#8230;<\/p>\n","protected":false},"author":1,"featured_media":0,"parent":0,"menu_order":0,"comment_status":"closed","ping_status":"closed","template":"","meta":{"footnotes":""},"class_list":["post-3691","page","type-page","status-publish","hentry"],"_links":{"self":[{"href":"https:\/\/hgkirkjusandi.is\/en\/wp-json\/wp\/v2\/pages\/3691","targetHints":{"allow":["GET"]}}],"collection":[{"href":"https:\/\/hgkirkjusandi.is\/en\/wp-json\/wp\/v2\/pages"}],"about":[{"href":"https:\/\/hgkirkjusandi.is\/en\/wp-json\/wp\/v2\/types\/page"}],"author":[{"embeddable":true,"href":"https:\/\/hgkirkjusandi.is\/en\/wp-json\/wp\/v2\/users\/1"}],"replies":[{"embeddable":true,"href":"https:\/\/hgkirkjusandi.is\/en\/wp-json\/wp\/v2\/comments?post=3691"}],"version-history":[{"count":1,"href":"https:\/\/hgkirkjusandi.is\/en\/wp-json\/wp\/v2\/pages\/3691\/revisions"}],"predecessor-version":[{"id":4061,"href":"https:\/\/hgkirkjusandi.is\/en\/wp-json\/wp\/v2\/pages\/3691\/revisions\/4061"}],"wp:attachment":[{"href":"https:\/\/hgkirkjusandi.is\/en\/wp-json\/wp\/v2\/media?parent=3691"}],"curies":[{"name":"wp","href":"https:\/\/api.w.org\/{rel}","templated":true}]}}