{"id":3599,"date":"2019-10-15T15:59:43","date_gmt":"2019-10-15T15:59:43","guid":{"rendered":"https:\/\/hgl.plixim.is\/?page_id=3599"},"modified":"2023-03-08T16:18:30","modified_gmt":"2023-03-08T16:18:30","slug":"staff","status":"publish","type":"page","link":"https:\/\/hgkirkjusandi.is\/en\/staff\/","title":{"rendered":"Staff"},"content":{"rendered":"\t\t<div data-elementor-type=\"wp-page\" data-elementor-id=\"3599\" class=\"elementor elementor-3599\">\n\t\t\t\t\t\t<div class=\"elementor-inner\">\n\t\t\t\t<div class=\"elementor-section-wrap\">\n\t\t\t\t\t\t\t\t\t<section class=\"elementor-section elementor-top-section elementor-element elementor-element-6fef4106 elementor-section-boxed elementor-section-height-default elementor-section-height-default\" data-id=\"6fef4106\" data-element_type=\"section\">\n\t\t\t\t\t\t<div class=\"elementor-container elementor-column-gap-default\">\n\t\t\t\t\t\t\t<div class=\"elementor-row\">\n\t\t\t\t\t<div class=\"elementor-column elementor-col-100 elementor-top-column elementor-element elementor-element-6b7092d8\" data-id=\"6b7092d8\" data-element_type=\"column\">\n\t\t\t<div class=\"elementor-column-wrap elementor-element-populated\">\n\t\t\t\t\t\t\t<div class=\"elementor-widget-wrap\">\n\t\t\t\t\t\t<div class=\"elementor-element elementor-element-795eb9a3 elementor-widget elementor-widget-heading\" data-id=\"795eb9a3\" data-element_type=\"widget\" data-widget_type=\"heading.default\">\n\t\t\t\t<div class=\"elementor-widget-container\">\n\t\t\t<h2 class=\"elementor-heading-title elementor-size-default\">Doctors<\/h2>\t\t<\/div>\n\t\t\t\t<\/div>\n\t\t\t\t<div class=\"elementor-element elementor-element-7d077757 elementor-widget elementor-widget-text-editor\" data-id=\"7d077757\" data-element_type=\"widget\" data-widget_type=\"text-editor.default\">\n\t\t\t\t<div class=\"elementor-widget-container\">\n\t\t\t\t\t\t\t\t<div class=\"elementor-text-editor elementor-clearfix\">\n\t\t\t\t<p><strong>Bj\u00f6rg \u00d3lafsd\u00f3ttir<\/strong>\u00a0&#8211; Chief Doctor\u00a0 Bjorg@hgkirkjusandi.is<strong><br \/><\/strong><\/p><p><strong>Einar R\u00fanar Axelsson<\/strong> &#8211; General Practitioner<br \/><strong>Gu\u00f0bj\u00f6rg Vignisd\u00f3ttir<\/strong> &#8211; General Practitioner<br \/><strong>J\u00f3n Bjarnarson<\/strong> &#8211; General Practitioner<br \/><strong>Oddur Steinarsson<\/strong> &#8211; General Practitioner<br \/><strong>Ragnar Victor Gunnarsson<\/strong> &#8211; General Practitioner<br \/><strong>Sal\u00f3me \u00c1sta Arnard\u00f3ttir<\/strong> &#8211; General Practitioner<br \/><b>Sverrir J\u00f3nsson <\/b>-General Practitioner<br \/><b>Hj\u00f6rtur Freyr Hjartarson<\/b> studying Family Medicine<\/p><p><b>El\u00edsabet Da\u00f0ad\u00f3ttir<\/b> from jan 2023 studying Family Medicine<\/p>\t\t\t\t\t<\/div>\n\t\t\t\t\t\t<\/div>\n\t\t\t\t<\/div>\n\t\t\t\t<div class=\"elementor-element elementor-element-4b879499 elementor-widget elementor-widget-heading\" data-id=\"4b879499\" data-element_type=\"widget\" data-widget_type=\"heading.default\">\n\t\t\t\t<div class=\"elementor-widget-container\">\n\t\t\t<h2 class=\"elementor-heading-title elementor-size-default\">Nurses<\/h2>\t\t<\/div>\n\t\t\t\t<\/div>\n\t\t\t\t<div class=\"elementor-element elementor-element-5b2a6e8b elementor-widget elementor-widget-text-editor\" data-id=\"5b2a6e8b\" data-element_type=\"widget\" data-widget_type=\"text-editor.default\">\n\t\t\t\t<div class=\"elementor-widget-container\">\n\t\t\t\t\t\t\t\t<div class=\"elementor-text-editor elementor-clearfix\">\n\t\t\t\t<p><strong>Anna Margr\u00e9t Arth\u00farsd\u00f3ttir<\/strong><br \/><strong>Arnd\u00eds Sverrisd\u00f3ttir<br \/><\/strong><strong>El\u00edn Birna<\/strong>\u00a0<strong>Skarph\u00e9\u00f0insd\u00f3ttir<\/strong><\/p><p><b>Gu\u00f0r\u00fan Einarsd\u00f3ttir<br \/><\/b><strong>Hei\u00f0l\u00f3a \u00c1svaldsd\u00f3ttir<\/strong> &#8211; Head Nurse, <a href=\"mailto:heidloa@hglagmuli.is\">heidloa@hglagmuli.is<\/a><br \/><strong>J\u00f3na R\u00e1n Sigurj\u00f3nsd\u00f3ttir<\/strong><\/p><p><b>Melkorka \u00c1rn\u00fd Kvaran<br \/><\/b><strong>Melkorka Rut Bjarnad\u00f3ttir<\/strong><br \/><strong>Steinunn G Sveinsd\u00f3ttir<\/strong><br \/><strong>Valger\u00f0ur S\u00e6varsd\u00f3ttir<\/strong><br \/><strong>\u00deorger\u00f0ur J\u00f3nsd\u00f3ttir<br \/><\/strong><b>\u00de\u00f3runn Helga \u00c1rmannsd\u00f3ttir<\/b><\/p>\t\t\t\t\t<\/div>\n\t\t\t\t\t\t<\/div>\n\t\t\t\t<\/div>\n\t\t\t\t<div class=\"elementor-element elementor-element-2733e9fb elementor-widget elementor-widget-heading\" data-id=\"2733e9fb\" data-element_type=\"widget\" data-widget_type=\"heading.default\">\n\t\t\t\t<div class=\"elementor-widget-container\">\n\t\t\t<h2 class=\"elementor-heading-title elementor-size-default\">Midwifes<\/h2>\t\t<\/div>\n\t\t\t\t<\/div>\n\t\t\t\t<div class=\"elementor-element elementor-element-6455d574 elementor-widget elementor-widget-text-editor\" data-id=\"6455d574\" data-element_type=\"widget\" data-widget_type=\"text-editor.default\">\n\t\t\t\t<div class=\"elementor-widget-container\">\n\t\t\t\t\t\t\t\t<div class=\"elementor-text-editor elementor-clearfix\">\n\t\t\t\t<p><strong>Gu\u00f0finna Sif Sveinbj\u00f6rnsd\u00f3ttir<br \/><\/strong><b>Rakel \u00d6sp Hafsteinsd\u00f3ttir<\/b><\/p><p><b>Sign\u00fd Helga J\u00f3hannesd\u00f3ttir<\/b><\/p>\t\t\t\t\t<\/div>\n\t\t\t\t\t\t<\/div>\n\t\t\t\t<\/div>\n\t\t\t\t<div class=\"elementor-element elementor-element-50779907 elementor-widget elementor-widget-heading\" data-id=\"50779907\" data-element_type=\"widget\" data-widget_type=\"heading.default\">\n\t\t\t\t<div class=\"elementor-widget-container\">\n\t\t\t<h2 class=\"elementor-heading-title elementor-size-default\">Doctors secretary<\/h2>\t\t<\/div>\n\t\t\t\t<\/div>\n\t\t\t\t<div class=\"elementor-element elementor-element-774d1368 elementor-widget elementor-widget-text-editor\" data-id=\"774d1368\" data-element_type=\"widget\" data-widget_type=\"text-editor.default\">\n\t\t\t\t<div class=\"elementor-widget-container\">\n\t\t\t\t\t\t\t\t<div class=\"elementor-text-editor elementor-clearfix\">\n\t\t\t\t<p><b>Kristjana \u00de\u00f3rey Gu\u00f0mundsd\u00f3ttir \u2013 Head of secretary<\/b>,\u00a0\u00a0<a style=\"background-color: #ffffff;\" href=\"https:\/\/hgkirkjusandi.is\/starfsfolk\/thorey@hgkirkjusandi.is\">thorey@hgkirkjusandi.is<\/a><br \/><strong>Nadine G. Thorlacius\u00a0 Health Secretary<\/strong><\/p>\t\t\t\t\t<\/div>\n\t\t\t\t\t\t<\/div>\n\t\t\t\t<\/div>\n\t\t\t\t<div class=\"elementor-element elementor-element-5af600b5 elementor-widget elementor-widget-heading\" data-id=\"5af600b5\" data-element_type=\"widget\" data-widget_type=\"heading.default\">\n\t\t\t\t<div class=\"elementor-widget-container\">\n\t\t\t<h2 class=\"elementor-heading-title elementor-size-default\">Reception <\/h2>\t\t<\/div>\n\t\t\t\t<\/div>\n\t\t\t\t<div class=\"elementor-element elementor-element-72f9f6a4 elementor-widget elementor-widget-text-editor\" data-id=\"72f9f6a4\" data-element_type=\"widget\" data-widget_type=\"text-editor.default\">\n\t\t\t\t<div class=\"elementor-widget-container\">\n\t\t\t\t\t\t\t\t<div class=\"elementor-text-editor elementor-clearfix\">\n\t\t\t\t<p><strong>Anna Hafli\u00f0ad\u00f3ttir<\/strong><\/p><p><strong>Erla D. G\u00edslad\u00f3ttir<\/strong><\/p><p><strong>Sigurlaug J\u00f3hannsd\u00f3ttir<\/strong><\/p><p><strong>Stella M Arinbjarnard\u00f3ttir<\/strong><\/p>\t\t\t\t\t<\/div>\n\t\t\t\t\t\t<\/div>\n\t\t\t\t<\/div>\n\t\t\t\t<div class=\"elementor-element elementor-element-439981bf elementor-widget elementor-widget-heading\" data-id=\"439981bf\" data-element_type=\"widget\" data-widget_type=\"heading.default\">\n\t\t\t\t<div class=\"elementor-widget-container\">\n\t\t\t<h2 class=\"elementor-heading-title elementor-size-default\">Biomedical Scientist<\/h2>\t\t<\/div>\n\t\t\t\t<\/div>\n\t\t\t\t<div class=\"elementor-element elementor-element-1c677501 elementor-widget elementor-widget-text-editor\" data-id=\"1c677501\" data-element_type=\"widget\" data-widget_type=\"text-editor.default\">\n\t\t\t\t<div class=\"elementor-widget-container\">\n\t\t\t\t\t\t\t\t<div class=\"elementor-text-editor elementor-clearfix\">\n\t\t\t\t<p><a href=\"http:\/\/sameind.is\">Sameind.is<\/a><\/p>\t\t\t\t\t<\/div>\n\t\t\t\t\t\t<\/div>\n\t\t\t\t<\/div>\n\t\t\t\t<div class=\"elementor-element elementor-element-2dba138b elementor-widget elementor-widget-heading\" data-id=\"2dba138b\" data-element_type=\"widget\" data-widget_type=\"heading.default\">\n\t\t\t\t<div class=\"elementor-widget-container\">\n\t\t\t<h2 class=\"elementor-heading-title elementor-size-default\">Psychologist<\/h2>\t\t<\/div>\n\t\t\t\t<\/div>\n\t\t\t\t<div class=\"elementor-element elementor-element-f4b16bc elementor-widget elementor-widget-text-editor\" data-id=\"f4b16bc\" data-element_type=\"widget\" data-widget_type=\"text-editor.default\">\n\t\t\t\t<div class=\"elementor-widget-container\">\n\t\t\t\t\t\t\t\t<div class=\"elementor-text-editor elementor-clearfix\">\n\t\t\t\t<p><strong>Karl J\u00f3nas Sm\u00e1rason<\/strong><\/p>\t\t\t\t\t<\/div>\n\t\t\t\t\t\t<\/div>\n\t\t\t\t<\/div>\n\t\t\t\t<div class=\"elementor-element elementor-element-436a9613 elementor-widget elementor-widget-heading\" data-id=\"436a9613\" data-element_type=\"widget\" data-widget_type=\"heading.default\">\n\t\t\t\t<div class=\"elementor-widget-container\">\n\t\t\t<h2 class=\"elementor-heading-title elementor-size-default\">Physiotherapist <\/h2>\t\t<\/div>\n\t\t\t\t<\/div>\n\t\t\t\t<div class=\"elementor-element elementor-element-12d7f6e2 elementor-widget elementor-widget-text-editor\" data-id=\"12d7f6e2\" data-element_type=\"widget\" data-widget_type=\"text-editor.default\">\n\t\t\t\t<div class=\"elementor-widget-container\">\n\t\t\t\t\t\t\t\t<div class=\"elementor-text-editor elementor-clearfix\">\n\t\t\t\t<p><strong>Sig\u00fer\u00fa\u00f0ur Inga J\u00f3nsd\u00f3ttir<\/strong>\u00a0<\/p>\t\t\t\t\t<\/div>\n\t\t\t\t\t\t<\/div>\n\t\t\t\t<\/div>\n\t\t\t\t\t\t<\/div>\n\t\t\t\t\t<\/div>\n\t\t<\/div>\n\t\t\t\t\t\t\t\t<\/div>\n\t\t\t\t\t<\/div>\n\t\t<\/section>\n\t\t\t\t\t\t\t\t\t<\/div>\n\t\t\t<\/div>\n\t\t\t\t\t<\/div>\n\t\t","protected":false},"excerpt":{"rendered":"<p>Doctors Bj\u00f6rg \u00d3lafsd\u00f3ttir\u00a0&#8211; Chief Doctor\u00a0 Bjorg@hgkirkjusandi.is Einar R\u00fanar Axelsson &#8211; General PractitionerGu\u00f0bj\u00f6rg Vignisd\u00f3ttir &#8211; General PractitionerJ\u00f3n Bjarnarson &#8211; General PractitionerOddur Steinarsson &#8211; General PractitionerRagnar Victor Gunnarsson &#8211; General PractitionerSal\u00f3me \u00c1sta Arnard\u00f3ttir &#8211; General PractitionerSverrir J\u00f3nsson -General PractitionerHj\u00f6rtur Freyr Hjartarson studying Family Medicine El\u00edsabet Da\u00f0ad\u00f3ttir from jan 2023 studying Family Medicine Nurses Anna Margr\u00e9t Arth\u00farsd\u00f3ttirArnd\u00eds Sverrisd\u00f3ttirEl\u00edn&#8230;<\/p>\n","protected":false},"author":1,"featured_media":0,"parent":0,"menu_order":0,"comment_status":"closed","ping_status":"open","template":"","meta":{"footnotes":""},"class_list":["post-3599","page","type-page","status-publish","hentry"],"_links":{"self":[{"href":"https:\/\/hgkirkjusandi.is\/en\/wp-json\/wp\/v2\/pages\/3599","targetHints":{"allow":["GET"]}}],"collection":[{"href":"https:\/\/hgkirkjusandi.is\/en\/wp-json\/wp\/v2\/pages"}],"about":[{"href":"https:\/\/hgkirkjusandi.is\/en\/wp-json\/wp\/v2\/types\/page"}],"author":[{"embeddable":true,"href":"https:\/\/hgkirkjusandi.is\/en\/wp-json\/wp\/v2\/users\/1"}],"replies":[{"embeddable":true,"href":"https:\/\/hgkirkjusandi.is\/en\/wp-json\/wp\/v2\/comments?post=3599"}],"version-history":[{"count":3,"href":"https:\/\/hgkirkjusandi.is\/en\/wp-json\/wp\/v2\/pages\/3599\/revisions"}],"predecessor-version":[{"id":4101,"href":"https:\/\/hgkirkjusandi.is\/en\/wp-json\/wp\/v2\/pages\/3599\/revisions\/4101"}],"wp:attachment":[{"href":"https:\/\/hgkirkjusandi.is\/en\/wp-json\/wp\/v2\/media?parent=3599"}],"curies":[{"name":"wp","href":"https:\/\/api.w.org\/{rel}","templated":true}]}}