{"id":3432,"date":"2019-10-08T17:38:45","date_gmt":"2019-10-08T17:38:45","guid":{"rendered":"https:\/\/hgl.plixim.is\/?page_id=3432"},"modified":"2019-10-18T05:01:31","modified_gmt":"2019-10-18T05:01:31","slug":"location","status":"publish","type":"page","link":"https:\/\/hgkirkjusandi.is\/en\/location\/","title":{"rendered":"Location"},"content":{"rendered":"\t\t<div data-elementor-type=\"wp-page\" data-elementor-id=\"3432\" class=\"elementor elementor-3432\">\n\t\t\t\t\t\t<div class=\"elementor-inner\">\n\t\t\t\t<div class=\"elementor-section-wrap\">\n\t\t\t\t\t\t\t\t\t<section class=\"elementor-section elementor-top-section elementor-element elementor-element-16949ed5 elementor-section-boxed elementor-section-height-default elementor-section-height-default\" data-id=\"16949ed5\" data-element_type=\"section\">\n\t\t\t\t\t\t<div class=\"elementor-container elementor-column-gap-default\">\n\t\t\t\t\t\t\t<div class=\"elementor-row\">\n\t\t\t\t\t<div class=\"elementor-column elementor-col-100 elementor-top-column elementor-element elementor-element-41476867\" data-id=\"41476867\" data-element_type=\"column\">\n\t\t\t<div class=\"elementor-column-wrap elementor-element-populated\">\n\t\t\t\t\t\t\t<div class=\"elementor-widget-wrap\">\n\t\t\t\t\t\t<div class=\"elementor-element elementor-element-612ab7ba elementor-widget elementor-widget-google_maps\" data-id=\"612ab7ba\" data-element_type=\"widget\" data-widget_type=\"google_maps.default\">\n\t\t\t\t<div class=\"elementor-widget-container\">\n\t\t\t\t\t<div class=\"elementor-custom-embed\">\n\t\t\t<iframe frameborder=\"0\" scrolling=\"no\" marginheight=\"0\" marginwidth=\"0\"\n\t\t\t\t\tsrc=\"https:\/\/maps.google.com\/maps?q=Heilsug%C3%A6slan%20L%C3%A1gm%C3%BAla&#038;t=m&#038;z=15&#038;output=embed&#038;iwloc=near\"\n\t\t\t\t\ttitle=\"Heilsug\u00e6slan L\u00e1gm\u00fala\"\n\t\t\t\t\taria-label=\"Heilsug\u00e6slan L\u00e1gm\u00fala\"\n\t\t\t><\/iframe>\n\t\t<\/div>\n\t\t\t\t<\/div>\n\t\t\t\t<\/div>\n\t\t\t\t\t\t<\/div>\n\t\t\t\t\t<\/div>\n\t\t<\/div>\n\t\t\t\t\t\t\t\t<\/div>\n\t\t\t\t\t<\/div>\n\t\t<\/section>\n\t\t\t\t\t\t\t\t\t<\/div>\n\t\t\t<\/div>\n\t\t\t\t\t<\/div>\n\t\t","protected":false},"excerpt":{"rendered":"","protected":false},"author":1,"featured_media":0,"parent":0,"menu_order":0,"comment_status":"closed","ping_status":"closed","template":"","meta":{"footnotes":""},"class_list":["post-3432","page","type-page","status-publish","hentry"],"_links":{"self":[{"href":"https:\/\/hgkirkjusandi.is\/en\/wp-json\/wp\/v2\/pages\/3432","targetHints":{"allow":["GET"]}}],"collection":[{"href":"https:\/\/hgkirkjusandi.is\/en\/wp-json\/wp\/v2\/pages"}],"about":[{"href":"https:\/\/hgkirkjusandi.is\/en\/wp-json\/wp\/v2\/types\/page"}],"author":[{"embeddable":true,"href":"https:\/\/hgkirkjusandi.is\/en\/wp-json\/wp\/v2\/users\/1"}],"replies":[{"embeddable":true,"href":"https:\/\/hgkirkjusandi.is\/en\/wp-json\/wp\/v2\/comments?post=3432"}],"version-history":[{"count":0,"href":"https:\/\/hgkirkjusandi.is\/en\/wp-json\/wp\/v2\/pages\/3432\/revisions"}],"wp:attachment":[{"href":"https:\/\/hgkirkjusandi.is\/en\/wp-json\/wp\/v2\/media?parent=3432"}],"curies":[{"name":"wp","href":"https:\/\/api.w.org\/{rel}","templated":true}]}}