{"id":3122,"date":"2019-09-17T15:37:33","date_gmt":"2019-09-17T15:37:33","guid":{"rendered":"https:\/\/hgl.plixim.is\/?page_id=3122"},"modified":"2024-04-12T15:37:37","modified_gmt":"2024-04-12T15:37:37","slug":"doctors-telephone-hours","status":"publish","type":"page","link":"https:\/\/hgkirkjusandi.is\/en\/doctors-telephone-hours\/","title":{"rendered":"Doctors phone hours"},"content":{"rendered":"\t\t<div data-elementor-type=\"wp-page\" data-elementor-id=\"3122\" class=\"elementor elementor-3122\">\n\t\t\t\t\t\t<div class=\"elementor-inner\">\n\t\t\t\t<div class=\"elementor-section-wrap\">\n\t\t\t\t\t\t\t\t\t<section class=\"elementor-section elementor-top-section elementor-element elementor-element-4b69caa6 elementor-section-boxed elementor-section-height-default elementor-section-height-default\" data-id=\"4b69caa6\" data-element_type=\"section\">\n\t\t\t\t\t\t<div class=\"elementor-container elementor-column-gap-default\">\n\t\t\t\t\t\t\t<div class=\"elementor-row\">\n\t\t\t\t\t<div class=\"elementor-column elementor-col-100 elementor-top-column elementor-element elementor-element-4adf34d6\" data-id=\"4adf34d6\" data-element_type=\"column\">\n\t\t\t<div class=\"elementor-column-wrap elementor-element-populated\">\n\t\t\t\t\t\t\t<div class=\"elementor-widget-wrap\">\n\t\t\t\t\t\t<div class=\"elementor-element elementor-element-5436ab47 elementor-widget elementor-widget-text-editor\" data-id=\"5436ab47\" data-element_type=\"widget\" data-widget_type=\"text-editor.default\">\n\t\t\t\t<div class=\"elementor-widget-container\">\n\t\t\t\t\t\t\t\t<div class=\"elementor-text-editor elementor-clearfix\">\n\t\t\t\t<h3>Telephone consultations are meant for simple problems and medication renewal.<\/h3><p>To book a telephone appointment with your doctor call <strong>595 1300<\/strong> at the time listed below.<\/p>\t\t\t\t\t<\/div>\n\t\t\t\t\t\t<\/div>\n\t\t\t\t<\/div>\n\t\t\t\t\t\t<\/div>\n\t\t\t\t\t<\/div>\n\t\t<\/div>\n\t\t\t\t\t\t\t\t<\/div>\n\t\t\t\t\t<\/div>\n\t\t<\/section>\n\t\t\t\t<section class=\"elementor-section elementor-top-section elementor-element elementor-element-79f74d10 elementor-section-boxed elementor-section-height-default elementor-section-height-default\" data-id=\"79f74d10\" data-element_type=\"section\">\n\t\t\t\t\t\t<div class=\"elementor-container elementor-column-gap-default\">\n\t\t\t\t\t\t\t<div class=\"elementor-row\">\n\t\t\t\t\t<div class=\"elementor-column elementor-col-100 elementor-top-column elementor-element elementor-element-39a04787\" data-id=\"39a04787\" data-element_type=\"column\">\n\t\t\t<div class=\"elementor-column-wrap elementor-element-populated\">\n\t\t\t\t\t\t\t<div class=\"elementor-widget-wrap\">\n\t\t\t\t\t\t<div class=\"elementor-element elementor-element-7a8a3757 pp-table-center elementor-widget elementor-widget-pp-table\" data-id=\"7a8a3757\" data-element_type=\"widget\" data-settings=\"{&quot;table_type&quot;:&quot;responsive&quot;,&quot;scrollable&quot;:&quot;no&quot;}\" data-widget_type=\"pp-table.default\">\n\t\t\t\t<div class=\"elementor-widget-container\">\n\t\t\t\t\t<div class=\"pp-table-container\">\n\t\t\t<table \n\t\t\tclass=\"pp-table tablesaw\" data-tablesaw-mode=\"stack\"\t\t\t\t>\n\t\t\t\t\t\t\t<colgroup>\n\t\t\t\t\t\t\t\t<col\n\t\t\t\t\tspan=\"1\"\n\t\t\t\t\tclass=\"elementor-repeater-item-2f1305c\"\n\t\t\t\t\t\t\t\t\t\t\tstyle=\"\n\t\t\t\t\t\t\t\t\t\t\t\t\t\t\t\t\t\t\t\t\"\n\t\t\t\t\t\t\t\t\t\t>\n\t\t\t\t\t\t\t<\/colgroup>\n\t\t\t\t\t\t<thead>\n\t\t\t\t<tr class=\"pp-table-row\">\n\t\t\t\t\t<th class=\"pp-table-cell pp-table-cell-1c39be6\"><span class=\"pp-table-cell-content\"><span class=\"pp-table-cell-text\"><b>Doctor <\/b><\/span><\/span><\/th><th class=\"pp-table-cell pp-table-cell-0a4c14c\"><span class=\"pp-table-cell-content\"><span class=\"pp-table-cell-text\"><b>Monday<\/b><\/span><\/span><\/th><th class=\"pp-table-cell pp-table-cell-c7824fa\"><span class=\"pp-table-cell-content\"><span class=\"pp-table-cell-text\"><b>Tuesday<\/b><\/span><\/span><\/th><th class=\"pp-table-cell pp-table-cell-68a2215\"><span class=\"pp-table-cell-content\"><span class=\"pp-table-cell-text\"><b>Wednesday<\/b><\/span><\/span><\/th><th class=\"pp-table-cell pp-table-cell-96ff205\"><span class=\"pp-table-cell-content\"><span class=\"pp-table-cell-text\"><b>Thursday<\/b><\/span><\/span><\/th><th class=\"pp-table-cell pp-table-cell-c058de7\"><span class=\"pp-table-cell-content\"><span class=\"pp-table-cell-text\"><b>Friday<\/b><\/span><\/span><\/th>\t\t\t\t<\/tr>\n\t\t\t<\/thead>\n\t\t\t\t\t<tfoot>\n\t\t\t<\/tr>\t\t<\/tfoot>\n\t\t\t\t<tbody>\n\t\t\t<tr><td class=\"pp-table-cell pp-table-cell-b7718fd\"><span class=\"pp-table-cell-content\"><span class=\"pp-table-cell-text\">Bj\u00f6rg \u00d3lafsd\u00f3ttir<\/span><\/span><\/td><td class=\"pp-table-cell pp-table-cell-39ccdf0\"><span class=\"pp-table-cell-content\"><span class=\"pp-table-cell-text\">08:30 - 09:00<\/span><\/span><\/td><td class=\"pp-table-cell pp-table-cell-a3225c5\"><span class=\"pp-table-cell-content\"><span class=\"pp-table-cell-text\"><b>No phone hours<\/b><\/span><\/span><\/td><td class=\"pp-table-cell pp-table-cell-e1cb667\"><span class=\"pp-table-cell-content\"><span class=\"pp-table-cell-text\">08:30 - 09:00<\/span><\/span><\/td><td class=\"pp-table-cell pp-table-cell-7299d6f\"><span class=\"pp-table-cell-content\"><span class=\"pp-table-cell-text\">08:30 - 09:00<\/span><\/span><\/td><td class=\"pp-table-cell pp-table-cell-ab2e726\"><span class=\"pp-table-cell-content\"><span class=\"pp-table-cell-text\">08:30 - 09:00<\/span><\/span><\/td><\/tr><tr><td class=\"pp-table-cell pp-table-cell-b81738a\"><span class=\"pp-table-cell-content\"><span class=\"pp-table-cell-text\">Einar R\u00fanar Axelsson<\/span><\/span><\/td><td class=\"pp-table-cell pp-table-cell-aaa40e7\"><span class=\"pp-table-cell-content\"><span class=\"pp-table-cell-text\">08:30 - 09:00<\/span><\/span><\/td><td class=\"pp-table-cell pp-table-cell-1101aa0\"><span class=\"pp-table-cell-content\"><span class=\"pp-table-cell-text\">08:30 - 09:00<\/span><\/span><\/td><td class=\"pp-table-cell pp-table-cell-711f1b4\"><span class=\"pp-table-cell-content\"><span class=\"pp-table-cell-text\">08:30 - 09:00<\/span><\/span><\/td><td class=\"pp-table-cell pp-table-cell-0344905\"><span class=\"pp-table-cell-content\"><span class=\"pp-table-cell-text\">08:30 - 09:00<\/span><\/span><\/td><td class=\"pp-table-cell pp-table-cell-bd1903d\"><span class=\"pp-table-cell-content\"><span class=\"pp-table-cell-text\"><b>No phone hours<\/b><\/span><\/span><\/td><\/tr><tr><td class=\"pp-table-cell pp-table-cell-fcb50bf\"><span class=\"pp-table-cell-content\"><span class=\"pp-table-cell-text\">Gu\u00f0bj\u00f6rg Vignisd\u00f3ttir<\/span><\/span><\/td><td class=\"pp-table-cell pp-table-cell-e568c61\"><span class=\"pp-table-cell-content\"><span class=\"pp-table-cell-text\">08:30 - 09:00<\/span><\/span><\/td><td class=\"pp-table-cell pp-table-cell-73d58cd\"><span class=\"pp-table-cell-content\"><span class=\"pp-table-cell-text\">08:30 - 09:00<\/span><\/span><\/td><td class=\"pp-table-cell pp-table-cell-e9bc293\"><span class=\"pp-table-cell-content\"><span class=\"pp-table-cell-text\">08:30 - 09:00<\/span><\/span><\/td><td class=\"pp-table-cell pp-table-cell-302ab95\"><span class=\"pp-table-cell-content\"><span class=\"pp-table-cell-text\">08:30 - 09:00<\/span><\/span><\/td><td class=\"pp-table-cell pp-table-cell-04ba5fb\"><span class=\"pp-table-cell-content\"><span class=\"pp-table-cell-text\"><b>No phone hours<\/b><\/span><\/span><\/td><\/tr><tr><td class=\"pp-table-cell pp-table-cell-d09c1d6\"><span class=\"pp-table-cell-content\"><span class=\"pp-table-cell-text\">Hj\u00f6rtur Freyr Hjartarson<\/span><\/span><\/td><td class=\"pp-table-cell pp-table-cell-6d81400\"><span class=\"pp-table-cell-content\"><span class=\"pp-table-cell-text\">08:30 - 09:00<\/span><\/span><\/td><td class=\"pp-table-cell pp-table-cell-0fa3a60\"><span class=\"pp-table-cell-content\"><span class=\"pp-table-cell-text\"><b>No phone hours<\/b><\/span><\/span><\/td><td class=\"pp-table-cell pp-table-cell-20ad877\"><span class=\"pp-table-cell-content\"><span class=\"pp-table-cell-text\">08:30 - 09:00<\/span><\/span><\/td><td class=\"pp-table-cell pp-table-cell-86add75\"><span class=\"pp-table-cell-content\"><span class=\"pp-table-cell-text\">08:30 - 09:00<\/span><\/span><\/td><td class=\"pp-table-cell pp-table-cell-2be81e1\"><span class=\"pp-table-cell-content\"><span class=\"pp-table-cell-text\">08:30 - 09:00<\/span><\/span><\/td><\/tr><tr><td class=\"pp-table-cell pp-table-cell-92fee26\"><span class=\"pp-table-cell-content\"><span class=\"pp-table-cell-text\">Hlynur Gr\u00edmsson<\/span><\/span><\/td><td class=\"pp-table-cell pp-table-cell-b04105d\"><span class=\"pp-table-cell-content\"><span class=\"pp-table-cell-text\">08:30 - 09:00<\/span><\/span><\/td><td class=\"pp-table-cell pp-table-cell-acac750\"><span class=\"pp-table-cell-content\"><span class=\"pp-table-cell-text\">08:30 - 09:00<\/span><\/span><\/td><td class=\"pp-table-cell pp-table-cell-9dabea3\"><span class=\"pp-table-cell-content\"><span class=\"pp-table-cell-text\">08:30 - 09:00<\/span><\/span><\/td><td class=\"pp-table-cell pp-table-cell-b01de00\"><span class=\"pp-table-cell-content\"><span class=\"pp-table-cell-text\">08:30 - 09:00<\/span><\/span><\/td><td class=\"pp-table-cell pp-table-cell-329fab7\"><span class=\"pp-table-cell-content\"><span class=\"pp-table-cell-text\">08:30 - 09:00<\/span><\/span><\/td><\/tr><tr><td class=\"pp-table-cell pp-table-cell-12033ce\"><span class=\"pp-table-cell-content\"><span class=\"pp-table-cell-text\">\u00cdvar El\u00ed Sveinsson<\/span><\/span><\/td><td class=\"pp-table-cell pp-table-cell-8580422\"><span class=\"pp-table-cell-content\"><span class=\"pp-table-cell-text\">Opens in May<\/span><\/span><\/td><td class=\"pp-table-cell pp-table-cell-ecc5362\"><span class=\"pp-table-cell-content\"><span class=\"pp-table-cell-text\">Opens in May<\/span><\/span><\/td><td class=\"pp-table-cell pp-table-cell-a235b6d\"><span class=\"pp-table-cell-content\"><span class=\"pp-table-cell-text\">Opens in May<\/span><\/span><\/td><td class=\"pp-table-cell pp-table-cell-5a52fb4\"><span class=\"pp-table-cell-content\"><span class=\"pp-table-cell-text\">Opens in May<\/span><\/span><\/td><td class=\"pp-table-cell pp-table-cell-96fac5d\"><span class=\"pp-table-cell-content\"><span class=\"pp-table-cell-text\">Opens in May<\/span><\/span><\/td><\/tr><tr><td class=\"pp-table-cell pp-table-cell-734a4a4\"><span class=\"pp-table-cell-content\"><span class=\"pp-table-cell-text\">J\u00f3n Bjarnarson<\/span><\/span><\/td><td class=\"pp-table-cell pp-table-cell-d631a07\"><span class=\"pp-table-cell-content\"><span class=\"pp-table-cell-text\">12:30 - 13:00<\/span><\/span><\/td><td class=\"pp-table-cell pp-table-cell-0a17315\"><span class=\"pp-table-cell-content\"><span class=\"pp-table-cell-text\">12:30 - 13:00<\/span><\/span><\/td><td class=\"pp-table-cell pp-table-cell-ed23c06\"><span class=\"pp-table-cell-content\"><span class=\"pp-table-cell-text\"><b>No phone hours<\/b><\/span><\/span><\/td><td class=\"pp-table-cell pp-table-cell-4b83ab5\"><span class=\"pp-table-cell-content\"><span class=\"pp-table-cell-text\">13:30 - 14:00<\/span><\/span><\/td><td class=\"pp-table-cell pp-table-cell-539205e\"><span class=\"pp-table-cell-content\"><span class=\"pp-table-cell-text\">08:30 - 09:00<\/span><\/span><\/td><\/tr><tr><td class=\"pp-table-cell pp-table-cell-db6a3de\"><span class=\"pp-table-cell-content\"><span class=\"pp-table-cell-text\">Margr\u00e9t \u00d3laf\u00eda T\u00f3masd\u00f3ttir<\/span><\/span><\/td><td class=\"pp-table-cell pp-table-cell-0b1fa02\"><span class=\"pp-table-cell-content\"><span class=\"pp-table-cell-text\">08:30 - 09:00<\/span><\/span><\/td><td class=\"pp-table-cell pp-table-cell-9dfaa68\"><span class=\"pp-table-cell-content\"><span class=\"pp-table-cell-text\"><b>No phone hours<\/b><\/span><\/span><\/td><td class=\"pp-table-cell pp-table-cell-793f6bd\"><span class=\"pp-table-cell-content\"><span class=\"pp-table-cell-text\"><b>No phone hours<\/b><\/span><\/span><\/td><td class=\"pp-table-cell pp-table-cell-a1252f3\"><span class=\"pp-table-cell-content\"><span class=\"pp-table-cell-text\">08:30 - 09:00<\/span><\/span><\/td><td class=\"pp-table-cell pp-table-cell-376431c\"><span class=\"pp-table-cell-content\"><span class=\"pp-table-cell-text\">08:30 - 09:00<\/span><\/span><\/td><\/tr><tr><td class=\"pp-table-cell pp-table-cell-6ae7e2d\"><span class=\"pp-table-cell-content\"><span class=\"pp-table-cell-text\">Oddur Steinarsson<\/span><\/span><\/td><td class=\"pp-table-cell pp-table-cell-9dd0114\"><span class=\"pp-table-cell-content\"><span class=\"pp-table-cell-text\">08:30 - 09:00<\/span><\/span><\/td><td class=\"pp-table-cell pp-table-cell-85e704e\"><span class=\"pp-table-cell-content\"><span class=\"pp-table-cell-text\">08:30 - 09:00<\/span><\/span><\/td><td class=\"pp-table-cell pp-table-cell-adc1856\"><span class=\"pp-table-cell-content\"><span class=\"pp-table-cell-text\">08:30 - 09:00<\/span><\/span><\/td><td class=\"pp-table-cell pp-table-cell-702658b\"><span class=\"pp-table-cell-content\"><span class=\"pp-table-cell-text\">08:30 - 09:00<\/span><\/span><\/td><td class=\"pp-table-cell pp-table-cell-b6dd24d\"><span class=\"pp-table-cell-content\"><span class=\"pp-table-cell-text\"><b>No phone hours<\/b><\/span><\/span><\/td><\/tr><tr><td class=\"pp-table-cell pp-table-cell-a686021\"><span class=\"pp-table-cell-content\"><span class=\"pp-table-cell-text\">Ragnar Victor Gunnarsson<\/span><\/span><\/td><td class=\"pp-table-cell pp-table-cell-f84c2bc\"><span class=\"pp-table-cell-content\"><span class=\"pp-table-cell-text\">08:00 - 08:30<\/span><\/span><\/td><td class=\"pp-table-cell pp-table-cell-9a25f98\"><span class=\"pp-table-cell-content\"><span class=\"pp-table-cell-text\">08:00 - 08:30<\/span><\/span><\/td><td class=\"pp-table-cell pp-table-cell-4e85fe5\"><span class=\"pp-table-cell-content\"><span class=\"pp-table-cell-text\">08:00 - 08:30<\/span><\/span><\/td><td class=\"pp-table-cell pp-table-cell-8fa3d4b\"><span class=\"pp-table-cell-content\"><span class=\"pp-table-cell-text\">08:00 - 08:30<\/span><\/span><\/td><td class=\"pp-table-cell pp-table-cell-573c832\"><span class=\"pp-table-cell-content\"><span class=\"pp-table-cell-text\"><b>No phone hours<\/b><\/span><\/span><\/td><\/tr><tr><td class=\"pp-table-cell pp-table-cell-18f18b5\"><span class=\"pp-table-cell-content\"><span class=\"pp-table-cell-text\">Sal\u00f3me \u00c1sta Arnard\u00f3ttir<\/span><\/span><\/td><td class=\"pp-table-cell pp-table-cell-9a77e9c\"><span class=\"pp-table-cell-content\"><span class=\"pp-table-cell-text\">13:30 - 14:00<\/span><\/span><\/td><td class=\"pp-table-cell pp-table-cell-b877347\"><span class=\"pp-table-cell-content\"><span class=\"pp-table-cell-text\"><b>No phone hours<\/b><\/span><\/span><\/td><td class=\"pp-table-cell pp-table-cell-e6006b8\"><span class=\"pp-table-cell-content\"><span class=\"pp-table-cell-text\">13:30 - 14:00<\/span><\/span><\/td><td class=\"pp-table-cell pp-table-cell-2ecb32e\"><span class=\"pp-table-cell-content\"><span class=\"pp-table-cell-text\">13:30 - 14:00<\/span><\/span><\/td><td class=\"pp-table-cell pp-table-cell-0917bf8\"><span class=\"pp-table-cell-content\"><span class=\"pp-table-cell-text\">08:30 - 09:00<\/span><\/span><\/td><\/tr><tr><td class=\"pp-table-cell pp-table-cell-37c1b9c\"><span class=\"pp-table-cell-content\"><span class=\"pp-table-cell-text\">Stefan\u00eda Thorarensen<\/span><\/span><\/td><td class=\"pp-table-cell pp-table-cell-eb2a156\"><span class=\"pp-table-cell-content\"><span class=\"pp-table-cell-text\">08:30 - 09:00<\/span><\/span><\/td><td class=\"pp-table-cell pp-table-cell-258e87f\"><span class=\"pp-table-cell-content\"><span class=\"pp-table-cell-text\">08:30 - 09:00<\/span><\/span><\/td><td class=\"pp-table-cell pp-table-cell-d570382\"><span class=\"pp-table-cell-content\"><span class=\"pp-table-cell-text\">08:30 - 09:00<\/span><\/span><\/td><td class=\"pp-table-cell pp-table-cell-e232dd4\"><span class=\"pp-table-cell-content\"><span class=\"pp-table-cell-text\">08:30 - 09:00<\/span><\/span><\/td><td class=\"pp-table-cell pp-table-cell-56eb52c\"><span class=\"pp-table-cell-content\"><span class=\"pp-table-cell-text\">08:30 - 09:00<\/span><\/span><\/td><\/tr><tr><td class=\"pp-table-cell pp-table-cell-d64dec4\"><span class=\"pp-table-cell-content\"><span class=\"pp-table-cell-text\">\u00de\u00f3runn Anna Karlsd\u00f3ttir<\/span><\/span><\/td><td class=\"pp-table-cell pp-table-cell-4c221db\"><span class=\"pp-table-cell-content\"><span class=\"pp-table-cell-text\">08:30 - 09:00<\/span><\/span><\/td><td class=\"pp-table-cell pp-table-cell-46a8af7\"><span class=\"pp-table-cell-content\"><span class=\"pp-table-cell-text\"><b>No phone hours<\/b><\/span><\/span><\/td><td class=\"pp-table-cell pp-table-cell-7379f0f\"><span class=\"pp-table-cell-content\"><span class=\"pp-table-cell-text\">08:30 - 09:00<\/span><\/span><\/td><td class=\"pp-table-cell pp-table-cell-e0da23b\"><span class=\"pp-table-cell-content\"><span class=\"pp-table-cell-text\"><b>No phone hours<\/b><\/span><\/span><\/td><td class=\"pp-table-cell pp-table-cell-4fdca1b\"><span class=\"pp-table-cell-content\"><span class=\"pp-table-cell-text\"><b>No phone hours<\/b><\/span><\/span><\/td><\/tr>\t\t<\/tbody>\n\t\t\t\t\t<\/table>\n\t\t<\/div>\n\t\t\t\t<\/div>\n\t\t\t\t<\/div>\n\t\t\t\t<div class=\"elementor-element elementor-element-3101fa56 elementor-widget elementor-widget-text-editor\" data-id=\"3101fa56\" data-element_type=\"widget\" data-widget_type=\"text-editor.default\">\n\t\t\t\t<div class=\"elementor-widget-container\">\n\t\t\t\t\t\t\t\t<div class=\"elementor-text-editor elementor-clearfix\">\n\t\t\t\t<h3>Medication renewal can also be done in <a href=\"https:\/\/www.heilsuvera.is\" target=\"_blank\" rel=\"noopener\">Heilsuvera.is<\/a> , electronic ID is needed.<\/h3>\t\t\t\t\t<\/div>\n\t\t\t\t\t\t<\/div>\n\t\t\t\t<\/div>\n\t\t\t\t\t\t<\/div>\n\t\t\t\t\t<\/div>\n\t\t<\/div>\n\t\t\t\t\t\t\t\t<\/div>\n\t\t\t\t\t<\/div>\n\t\t<\/section>\n\t\t\t\t\t\t\t\t\t<\/div>\n\t\t\t<\/div>\n\t\t\t\t\t<\/div>\n\t\t","protected":false},"excerpt":{"rendered":"<p>Telephone consultations are meant for simple problems and medication renewal. To book a telephone appointment with your doctor call 595 1300 at the time listed below. Doctor Monday Tuesday Wednesday Thursday Friday Bj\u00f6rg \u00d3lafsd\u00f3ttir 08:30 &#8211; 09:00 No phone hours 08:30 &#8211; 09:00 08:30 &#8211; 09:00 08:30 &#8211; 09:00 Einar R\u00fanar Axelsson 08:30 &#8211; 09:00&#8230;<\/p>\n","protected":false},"author":1,"featured_media":0,"parent":0,"menu_order":0,"comment_status":"closed","ping_status":"open","template":"","meta":{"footnotes":""},"class_list":["post-3122","page","type-page","status-publish","hentry"],"_links":{"self":[{"href":"https:\/\/hgkirkjusandi.is\/en\/wp-json\/wp\/v2\/pages\/3122","targetHints":{"allow":["GET"]}}],"collection":[{"href":"https:\/\/hgkirkjusandi.is\/en\/wp-json\/wp\/v2\/pages"}],"about":[{"href":"https:\/\/hgkirkjusandi.is\/en\/wp-json\/wp\/v2\/types\/page"}],"author":[{"embeddable":true,"href":"https:\/\/hgkirkjusandi.is\/en\/wp-json\/wp\/v2\/users\/1"}],"replies":[{"embeddable":true,"href":"https:\/\/hgkirkjusandi.is\/en\/wp-json\/wp\/v2\/comments?post=3122"}],"version-history":[{"count":3,"href":"https:\/\/hgkirkjusandi.is\/en\/wp-json\/wp\/v2\/pages\/3122\/revisions"}],"predecessor-version":[{"id":4199,"href":"https:\/\/hgkirkjusandi.is\/en\/wp-json\/wp\/v2\/pages\/3122\/revisions\/4199"}],"wp:attachment":[{"href":"https:\/\/hgkirkjusandi.is\/en\/wp-json\/wp\/v2\/media?parent=3122"}],"curies":[{"name":"wp","href":"https:\/\/api.w.org\/{rel}","templated":true}]}}